{"id":1039,"date":"2025-10-08T11:57:05","date_gmt":"2025-10-08T11:57:05","guid":{"rendered":"https:\/\/zeeparts.lv\/transportlidzeklu-parstrade\/"},"modified":"2026-01-22T14:41:15","modified_gmt":"2026-01-22T14:41:15","slug":"transportlidzeklu-parstrade","status":"publish","type":"page","link":"https:\/\/zeeparts.lv\/lv\/transportlidzeklu-parstrade\/","title":{"rendered":"Transportl\u012bdzek\u013cu ieg\u0101de utiliz\u0101cijai"},"content":{"rendered":"","protected":false},"excerpt":{"rendered":"","protected":false},"author":1,"featured_media":0,"parent":0,"menu_order":0,"comment_status":"closed","ping_status":"closed","template":"template-flexible.php","meta":{"_acf_changed":false,"footnotes":""},"class_list":["post-1039","page","type-page","status-publish","hentry"],"acf":[],"yoast_head":"<!-- This site is optimized with the Yoast SEO plugin v26.7 - https:\/\/yoast.com\/wordpress\/plugins\/seo\/ -->\n<title>Transportl\u012bdzek\u013cu ieg\u0101de utiliz\u0101cijai - Zee parts<\/title>\n<meta name=\"robots\" content=\"index, follow, max-snippet:-1, max-image-preview:large, max-video-preview:-1\" \/>\n<link rel=\"canonical\" href=\"https:\/\/zeeparts.lv\/lv\/transportlidzeklu-parstrade\/\" \/>\n<meta property=\"og:locale\" content=\"lv_LV\" \/>\n<meta property=\"og:type\" content=\"article\" \/>\n<meta property=\"og:title\" content=\"Transportl\u012bdzek\u013cu ieg\u0101de utiliz\u0101cijai - Zee parts\" \/>\n<meta property=\"og:url\" content=\"https:\/\/zeeparts.lv\/lv\/transportlidzeklu-parstrade\/\" \/>\n<meta property=\"og:site_name\" content=\"Zee parts\" \/>\n<meta property=\"article:publisher\" content=\"https:\/\/www.facebook.com\/p\/ZEE-PARTS-100089047187552\/\" \/>\n<meta property=\"article:modified_time\" content=\"2026-01-22T14:41:15+00:00\" \/>\n<meta property=\"og:image\" content=\"https:\/\/zeeparts.lv\/app\/uploads\/2025\/12\/55120-shelves-tools-and-aisles-in-warehouse-2025-04-04-07-52-04-utc.jpg\" \/>\n\t<meta property=\"og:image:width\" content=\"2559\" \/>\n\t<meta property=\"og:image:height\" content=\"1709\" \/>\n\t<meta property=\"og:image:type\" content=\"image\/jpeg\" \/>\n<meta name=\"twitter:card\" content=\"summary_large_image\" \/>\n<script type=\"application\/ld+json\" class=\"yoast-schema-graph\">{\"@context\":\"https:\/\/schema.org\",\"@graph\":[{\"@type\":\"WebPage\",\"@id\":\"https:\/\/zeeparts.lv\/lv\/transportlidzeklu-parstrade\/\",\"url\":\"https:\/\/zeeparts.lv\/lv\/transportlidzeklu-parstrade\/\",\"name\":\"Transportl\u012bdzek\u013cu ieg\u0101de utiliz\u0101cijai - Zee parts\",\"isPartOf\":{\"@id\":\"https:\/\/zeeparts.lv\/lv\/#website\"},\"datePublished\":\"2025-10-08T11:57:05+00:00\",\"dateModified\":\"2026-01-22T14:41:15+00:00\",\"breadcrumb\":{\"@id\":\"https:\/\/zeeparts.lv\/lv\/transportlidzeklu-parstrade\/#breadcrumb\"},\"inLanguage\":\"lv\",\"potentialAction\":[{\"@type\":\"ReadAction\",\"target\":[\"https:\/\/zeeparts.lv\/lv\/transportlidzeklu-parstrade\/\"]}]},{\"@type\":\"BreadcrumbList\",\"@id\":\"https:\/\/zeeparts.lv\/lv\/transportlidzeklu-parstrade\/#breadcrumb\",\"itemListElement\":[{\"@type\":\"ListItem\",\"position\":1,\"name\":\"Home\",\"item\":\"https:\/\/zeeparts.lv\/lv\/\"},{\"@type\":\"ListItem\",\"position\":2,\"name\":\"Transportl\u012bdzek\u013cu ieg\u0101de utiliz\u0101cijai\"}]},{\"@type\":\"WebSite\",\"@id\":\"https:\/\/zeeparts.lv\/lv\/#website\",\"url\":\"https:\/\/zeeparts.lv\/lv\/\",\"name\":\"Zee parts\",\"description\":\"High-quality used auto parts\",\"publisher\":{\"@id\":\"https:\/\/zeeparts.lv\/lv\/#organization\"},\"potentialAction\":[{\"@type\":\"SearchAction\",\"target\":{\"@type\":\"EntryPoint\",\"urlTemplate\":\"https:\/\/zeeparts.lv\/lv\/?s={search_term_string}\"},\"query-input\":{\"@type\":\"PropertyValueSpecification\",\"valueRequired\":true,\"valueName\":\"search_term_string\"}}],\"inLanguage\":\"lv\"},{\"@type\":\"Organization\",\"@id\":\"https:\/\/zeeparts.lv\/lv\/#organization\",\"name\":\"Zee da\u013cas\",\"url\":\"https:\/\/zeeparts.lv\/lv\/\",\"logo\":{\"@type\":\"ImageObject\",\"inLanguage\":\"lv\",\"@id\":\"https:\/\/zeeparts.lv\/lv\/#\/schema\/logo\/image\/\",\"url\":\"https:\/\/zeeparts.lv\/app\/uploads\/2025\/11\/Black-zee-parts.png\",\"contentUrl\":\"https:\/\/zeeparts.lv\/app\/uploads\/2025\/11\/Black-zee-parts.png\",\"width\":628,\"height\":414,\"caption\":\"Zee da\u013cas\"},\"image\":{\"@id\":\"https:\/\/zeeparts.lv\/lv\/#\/schema\/logo\/image\/\"},\"sameAs\":[\"https:\/\/www.facebook.com\/p\/ZEE-PARTS-100089047187552\/\"]}]}<\/script>\n<!-- \/ Yoast SEO plugin. -->","yoast_head_json":{"title":"Transportl\u012bdzek\u013cu ieg\u0101de utiliz\u0101cijai - Zee parts","robots":{"index":"index","follow":"follow","max-snippet":"max-snippet:-1","max-image-preview":"max-image-preview:large","max-video-preview":"max-video-preview:-1"},"canonical":"https:\/\/zeeparts.lv\/lv\/transportlidzeklu-parstrade\/","og_locale":"lv_LV","og_type":"article","og_title":"Transportl\u012bdzek\u013cu ieg\u0101de utiliz\u0101cijai - Zee parts","og_url":"https:\/\/zeeparts.lv\/lv\/transportlidzeklu-parstrade\/","og_site_name":"Zee parts","article_publisher":"https:\/\/www.facebook.com\/p\/ZEE-PARTS-100089047187552\/","article_modified_time":"2026-01-22T14:41:15+00:00","og_image":[{"width":2559,"height":1709,"url":"https:\/\/zeeparts.lv\/app\/uploads\/2025\/12\/55120-shelves-tools-and-aisles-in-warehouse-2025-04-04-07-52-04-utc.jpg","type":"image\/jpeg"}],"twitter_card":"summary_large_image","schema":{"@context":"https:\/\/schema.org","@graph":[{"@type":"WebPage","@id":"https:\/\/zeeparts.lv\/lv\/transportlidzeklu-parstrade\/","url":"https:\/\/zeeparts.lv\/lv\/transportlidzeklu-parstrade\/","name":"Transportl\u012bdzek\u013cu ieg\u0101de utiliz\u0101cijai - Zee parts","isPartOf":{"@id":"https:\/\/zeeparts.lv\/lv\/#website"},"datePublished":"2025-10-08T11:57:05+00:00","dateModified":"2026-01-22T14:41:15+00:00","breadcrumb":{"@id":"https:\/\/zeeparts.lv\/lv\/transportlidzeklu-parstrade\/#breadcrumb"},"inLanguage":"lv","potentialAction":[{"@type":"ReadAction","target":["https:\/\/zeeparts.lv\/lv\/transportlidzeklu-parstrade\/"]}]},{"@type":"BreadcrumbList","@id":"https:\/\/zeeparts.lv\/lv\/transportlidzeklu-parstrade\/#breadcrumb","itemListElement":[{"@type":"ListItem","position":1,"name":"Home","item":"https:\/\/zeeparts.lv\/lv\/"},{"@type":"ListItem","position":2,"name":"Transportl\u012bdzek\u013cu ieg\u0101de utiliz\u0101cijai"}]},{"@type":"WebSite","@id":"https:\/\/zeeparts.lv\/lv\/#website","url":"https:\/\/zeeparts.lv\/lv\/","name":"Zee parts","description":"High-quality used auto parts","publisher":{"@id":"https:\/\/zeeparts.lv\/lv\/#organization"},"potentialAction":[{"@type":"SearchAction","target":{"@type":"EntryPoint","urlTemplate":"https:\/\/zeeparts.lv\/lv\/?s={search_term_string}"},"query-input":{"@type":"PropertyValueSpecification","valueRequired":true,"valueName":"search_term_string"}}],"inLanguage":"lv"},{"@type":"Organization","@id":"https:\/\/zeeparts.lv\/lv\/#organization","name":"Zee da\u013cas","url":"https:\/\/zeeparts.lv\/lv\/","logo":{"@type":"ImageObject","inLanguage":"lv","@id":"https:\/\/zeeparts.lv\/lv\/#\/schema\/logo\/image\/","url":"https:\/\/zeeparts.lv\/app\/uploads\/2025\/11\/Black-zee-parts.png","contentUrl":"https:\/\/zeeparts.lv\/app\/uploads\/2025\/11\/Black-zee-parts.png","width":628,"height":414,"caption":"Zee da\u013cas"},"image":{"@id":"https:\/\/zeeparts.lv\/lv\/#\/schema\/logo\/image\/"},"sameAs":["https:\/\/www.facebook.com\/p\/ZEE-PARTS-100089047187552\/"]}]}},"_links":{"self":[{"href":"https:\/\/zeeparts.lv\/lv\/wp-json\/wp\/v2\/pages\/1039","targetHints":{"allow":["GET"]}}],"collection":[{"href":"https:\/\/zeeparts.lv\/lv\/wp-json\/wp\/v2\/pages"}],"about":[{"href":"https:\/\/zeeparts.lv\/lv\/wp-json\/wp\/v2\/types\/page"}],"author":[{"embeddable":true,"href":"https:\/\/zeeparts.lv\/lv\/wp-json\/wp\/v2\/users\/1"}],"replies":[{"embeddable":true,"href":"https:\/\/zeeparts.lv\/lv\/wp-json\/wp\/v2\/comments?post=1039"}],"version-history":[{"count":3,"href":"https:\/\/zeeparts.lv\/lv\/wp-json\/wp\/v2\/pages\/1039\/revisions"}],"predecessor-version":[{"id":1059,"href":"https:\/\/zeeparts.lv\/lv\/wp-json\/wp\/v2\/pages\/1039\/revisions\/1059"}],"wp:attachment":[{"href":"https:\/\/zeeparts.lv\/lv\/wp-json\/wp\/v2\/media?parent=1039"}],"curies":[{"name":"wp","href":"https:\/\/api.w.org\/{rel}","templated":true}]}}